{"id":37,"date":"2022-10-11T08:47:11","date_gmt":"2022-10-11T08:47:11","guid":{"rendered":"https:\/\/praxis-albarjes.de\/?page_id=37"},"modified":"2022-11-22T18:09:53","modified_gmt":"2022-11-22T18:09:53","slug":"kardiologie","status":"publish","type":"page","link":"https:\/\/praxis-albarjes.de\/?page_id=37","title":{"rendered":"Kardiologie"},"content":{"rendered":"\n  \n    \n    <section class=\"u-align-center u-clearfix u-section-2\" id=\"carousel_ffea\">\n      <div class=\"u-clearfix u-sheet u-sheet-1\">\n        <div class=\"u-clearfix u-expanded-width u-layout-wrap u-layout-wrap-1\">\n          <div class=\"u-layout\">\n            <div class=\"u-layout-row\">\n              <div class=\"u-align-left u-container-style u-layout-cell u-size-30 u-layout-cell-1\">\n                <div class=\"u-container-layout u-container-layout-1\">\n                  <h1 class=\"u-text u-title u-text-1\"><b> Kardiologie\/Angiologie<\/b>\n                  <\/h1>\n                  <p class=\"u-text u-text-2\"> Durch meine langj\u00e4hrige T\u00e4tigkeit als Assistenz- und Praxisarzt in einem gro\u00dfen akademischem Lehrkrankenhaus konnte ich umfassende Kenntnisse und Erfahrungen im Bereich der Inneren Medizin und insbesonders in der Kardiologie, Angiologie und internistischen Intensivmedizin sammeln. <br>&nbsp; <br>Meine Praxis verf\u00fcgt \u00fcber ein breites Leistungssprektrum zur umfassenden und zuverl\u00e4ssigen Diagnostik von Herz- Kreislauferkrankungen sowie im Bereich der Angiologie. <br>&nbsp; <br>Die hierf\u00fcr zur Verf\u00fcgung stehenden Untersuchungsger\u00e4te wurden mit Praxis\u00fcbernahme neu von mir angeschafft und stellen den aktuellen Stand der Technik der Marktf\u00fchrer dar. \n                  <\/p>\n                <\/div>\n              <\/div>\n              <div class=\"u-container-style u-layout-cell u-size-30 u-white u-layout-cell-2\">\n                <div class=\"u-container-layout u-container-layout-2\">\n                  <div class=\"u-accordion u-spacing-2 u-accordion-1\">\n                    <div class=\"u-accordion-item u-accordion-item-1\">\n                      <a class=\"active u-accordion-link u-button-style u-accordion-link-1\" id=\"link-accordion-7c0e\" aria-controls=\"accordion-7c0e\" aria-selected=\"true\">\n                        <lt-highlighter style=\"display: none;\">\n                          <lt-div spellcheck=\"false\" class=\"lt-highlighter__wrapper\" style=\"width: 167px; height: 32px; transform: none !important; transform-origin: 83.4667px 16px 0px !important; margin-top: -16px;\">\n                            <lt-div class=\"lt-highlighter__scroll-element\" style=\"top: 0px; left: 0px; width: 167px; height: 32px;\"><\/lt-div>\n                          <\/lt-div>\n                        <\/lt-highlighter>\n                        <span class=\"u-accordion-link-text\"><b>Untersuchungen<\/b>\n                        <\/span><span class=\"u-accordion-link-icon u-file-icon u-icon u-icon-circle u-palette-1-base u-text-white u-icon-1\"><img decoding=\"async\" src=\"https:\/\/praxis-albarjes.de\/wp-content\/uploads\/2022\/10\/f501953c.png\" alt=\"\"><\/span>\n                      <\/a>\n                      <div class=\"u-accordion-active u-accordion-pane u-container-style u-white u-accordion-pane-1\" id=\"accordion-7c0e\" aria-labelledby=\"link-accordion-7c0e\">\n                        <div class=\"u-container-layout u-container-layout-3\">\n                          <lt-highlighter style=\"display: none; z-index: 1 !important;\">\n                            <lt-div spellcheck=\"false\" class=\"lt-highlighter__wrapper\" style=\"width: 437px; height: 358px; transform: none !important; transform-origin: 218.5px 179.2px 0px !important;\">\n                              <lt-div class=\"lt-highlighter__scroll-element\" style=\"top: 0px; left: 0px; width: 437px; height: 358px;\"><\/lt-div>\n                            <\/lt-div>\n                          <\/lt-highlighter>\n                          <ul class=\"u-text u-text-3\">\n                            <li> K\u00f6rperliche Untersuchungen <\/li>\n                            <li> Ultraschalluntersuchungen\n\tdes Bauches <\/li>\n                            <li> Ultraschalluntersuchungen\n\tder Schilddr\u00fcse <\/li>\n                            <li> Ultraschalluntersuchungen\n\tdes Herzens (Echokardiographie) mit <\/li>\n                            <li>CW-Doppler, PW-Doppler und\n\tFarbdoppler <\/li>\n                            <li> Duplex-Sonographien\n\ts\u00e4mtlicher Gef\u00e4\u00dfe (Arterien und Venen) <\/li>\n                            <li> Ruhe-EKG <\/li>\n                            <li> LZ-EKG <\/li>\n                            <li> Belastungs-EKG <\/li>\n                            <li>Langstreifen-EKG \/ Monitor-\u00dcberwachungs-EKG<\/li>\n                            <li> LZ-Blutdruckmessungen <\/li>\n                            <li> Lungenfunktionspr\u00fcfungen <\/li>\n                            <li> Laboruntersuchungen <\/li>\n                            <li> Pulsoxymetrie \/ Messung der Sauerstoffs\u00e4ttigung im Blut<\/li>\n                            <li>Einsch\u00e4tzung des Schlaganfallrisikos, durch s\u00e4mtliche Ultraschalluntersuchungen<\/li>\n                            <li>Halsschlagader - Untersuchungen<\/li>\n                          <\/ul>\n                        <\/div>\n                      <\/div>\n                    <\/div>\n                  <\/div>\n                  <p class=\"u-text u-text-black u-text-4\"><b>\n                      <span style=\"font-weight: 400;\"><\/span><\/b>\n                    <span style=\"font-weight: 400; font-size: 1rem;\">In der Wissenschaft der Medizin\ngibt es einen stetigen Fortschritt.&nbsp; Um diesen Nutzen zu k\u00f6nnen,\nist es notwendig, sich in regelm\u00e4\u00dfigen Abst\u00e4nden untersuchen zu\nlassen, um m\u00f6gliche Erkrankungen durch fr\u00fchzeitiges Eingreifen\nvermeiden zu k\u00f6nnen.&nbsp;<\/span>\n                    <span style=\"font-weight: 400;\">\n                      <span style=\"font-weight: 700;\">\n                        <span style=\"font-weight: 400;\"><\/span>\n                      <\/span>\n                    <\/span>\n                  <\/p>\n                <\/div>\n              <\/div>\n            <\/div>\n          <\/div>\n        <\/div>\n      <\/div>\n    <\/section>\n    \n    \n  \n","protected":false},"excerpt":{"rendered":"<p>Kardiologie\/Angiologie Durch meine langj\u00e4hrige T\u00e4tigkeit als Assistenz- und Praxisarzt in einem gro\u00dfen akademischem Lehrkrankenhaus konnte ich umfassende Kenntnisse und Erfahrungen im Bereich der Inneren Medizin und insbesonders in der Kardiologie, Angiologie und internistischen Intensivmedizin sammeln. &nbsp; Meine Praxis verf\u00fcgt \u00fcber ein breites Leistungssprektrum zur umfassenden und zuverl\u00e4ssigen Diagnostik von Herz- Kreislauferkrankungen sowie im Bereich der &hellip; <a href=\"https:\/\/praxis-albarjes.de\/?page_id=37\" class=\"more-link\">Continue reading<span class=\"screen-reader-text\"> &#8222;Kardiologie&#8220;<\/span><\/a><\/p>\n","protected":false},"author":2,"featured_media":0,"parent":0,"menu_order":3,"comment_status":"closed","ping_status":"closed","template":"","meta":{"footnotes":""},"class_list":["post-37","page","type-page","status-publish","hentry"],"_links":{"self":[{"href":"https:\/\/praxis-albarjes.de\/index.php?rest_route=\/wp\/v2\/pages\/37","targetHints":{"allow":["GET"]}}],"collection":[{"href":"https:\/\/praxis-albarjes.de\/index.php?rest_route=\/wp\/v2\/pages"}],"about":[{"href":"https:\/\/praxis-albarjes.de\/index.php?rest_route=\/wp\/v2\/types\/page"}],"author":[{"embeddable":true,"href":"https:\/\/praxis-albarjes.de\/index.php?rest_route=\/wp\/v2\/users\/2"}],"replies":[{"embeddable":true,"href":"https:\/\/praxis-albarjes.de\/index.php?rest_route=%2Fwp%2Fv2%2Fcomments&post=37"}],"version-history":[{"count":8,"href":"https:\/\/praxis-albarjes.de\/index.php?rest_route=\/wp\/v2\/pages\/37\/revisions"}],"predecessor-version":[{"id":121,"href":"https:\/\/praxis-albarjes.de\/index.php?rest_route=\/wp\/v2\/pages\/37\/revisions\/121"}],"wp:attachment":[{"href":"https:\/\/praxis-albarjes.de\/index.php?rest_route=%2Fwp%2Fv2%2Fmedia&parent=37"}],"curies":[{"name":"wp","href":"https:\/\/api.w.org\/{rel}","templated":true}]}}